{"id":39640,"date":"2024-07-05T15:55:14","date_gmt":"2024-07-05T13:55:14","guid":{"rendered":"https:\/\/soundupmap.com\/?page_id=39640"},"modified":"2024-08-06T13:00:08","modified_gmt":"2024-08-06T11:00:08","slug":"kiruna-all","status":"publish","type":"page","link":"https:\/\/soundupmap.com\/nl_nl\/kiruna-all\/","title":{"rendered":"Kiruna"},"content":{"rendered":"<div class=\"wpb-content-wrapper\"><div class=\"vc_row wpb_row vc_row-fluid vc_rtl-columns-reverse vc_row\"><div class=\"wpb_column vc_column_container vc_col-sm-12 vc_column\"><div class=\"vc_column-inner\"><div class=\"wpb_wrapper\">\n\t<div class=\"wpb_text_column wpb_content_element vc_column_text\" >\n\t\t<div class=\"wpb_wrapper\">\n\t\t\t<p><span class=\"mobi-version\"><div class=\"article_container slider_container bottom-estate_property nobutton  \" ><div class=\"shortcode_slider_wrapper\" ><div class=\"shortcode_slider_list slider_no81204 arrow_class_top \" data-items-per-row=\"3\" data-auto=\"0\" ><div class=\" slider_prop_wrapper three_per_row \" > <div class=\"col-md- shortcode-col listing_wrapper \" data-org=\"6\" data-main-modal=\"https:\/\/soundupmap.com\/wp-content\/uploads\/2024\/07\/Klockhustornet-835x467.jpg\" data-modal-title=\"Kiruna kv\u00e4llsringning i stadshustornet\" data-modal-link=\"https:\/\/soundupmap.com\/nl_nl\/properties\/kiruna-kvallsringning-i-stadshustornet\/\" data-listid=\"39751\" > <div class=\"property_listing property_card_default\" data-link=\"\">  <div class=\"listing-unit-img-wrapper\"> <div class=\"prop_new_details\"> <div class=\"prop_new_details_back\"><\/div> <div class=\"property_media\"> <i class=\"fa fa-camera\" aria-hidden=\"true\"><\/i> 1 <\/div> <div class=\"property_location_image\"> <span class=\"property_marker\"><\/span><a href=\"https:\/\/soundupmap.com\/nl_nl\/area\/kiruna\/\" rel=\"tag\">Kiruna<\/a>, <\/div> <div class=\"featured_gradient\"><\/div> <\/div> <a href=\"https:\/\/soundupmap.com\/nl_nl\/properties\/kiruna-kvallsringning-i-stadshustornet\/\" target=\"_self\" ><img decoding=\"async\" width=\"525\" height=\"328\" src=\"https:\/\/soundupmap.com\/wp-content\/uploads\/2024\/07\/Klockhustornet-525x328.jpg\" class=\"lazyload img-responsive wp-post-image\" alt=\"\" data-original=\"https:\/\/soundupmap.com\/wp-content\/uploads\/2024\/07\/Klockhustornet-525x328.jpg\" \/><\/a> <div class=\"tag-wrapper\"> <div class=\"status-wrapper\"> <\/div> <\/div> <\/div>  <div class=\"embed-container\"><audio class=\"wp-audio-shortcode\" id=\"audio-39751-1\" preload=\"none\" style=\"width: 100%;\" controls=\"controls\"><source type=\"audio\/wav\" src=\"https:\/\/soundupmap.com\/wp-content\/uploads\/2024\/07\/Klocktornet-Short.wav?_=1\" \/><a href=\"https:\/\/soundupmap.com\/wp-content\/uploads\/2024\/07\/Klocktornet-Short.wav\">https:\/\/soundupmap.com\/wp-content\/uploads\/2024\/07\/Klocktornet-Short.wav<\/a><\/audio><\/div><h4> <a href=\"https:\/\/soundupmap.com\/nl_nl\/properties\/kiruna-kvallsringning-i-stadshustornet\/\" target=\"_self \"> Kiruna kv\u00e4llsringning i stadshustornet <\/a> <\/h4>  <div class=\"listing_details the_grid_view\"> Klocktornets ringningar forts\u00e4tter att karakt\u00e4rise <a href=\"https:\/\/soundupmap.com\/nl_nl\/properties\/kiruna-kvallsringning-i-stadshustornet\/\" class=\"unit_more_x\">[meer]<\/a> <\/div> <div class=\"listing_details the_list_view\"> Klocktornets ringningar forts\u00e4tter att karakt\u00e4risera ljudmilj\u00f6n i centrum av Kiruna, d\u00e4r det invigdes efter flytten <a href=\"https:\/\/soundupmap.com\/nl_nl\/properties\/kiruna-kvallsringning-i-stadshustornet\/\" class=\"unit_more_x\">[meer]<\/a> <\/div> <span class=\"property_emoties\"> <i class=\"fa fa-check\"><\/i>Muziek <\/span><span class=\"property_rubrieken\"><\/span><div class=\"property_listing_details\"> <a href=\"https:\/\/soundupmap.com\/nl_nl\/properties\/kiruna-kvallsringning-i-stadshustornet\/\" target=\"_self\" class=\"unit_details_x\">meer<\/a><\/div> <div class=\"property_location\"> <div class=\"property_agent_wrapper\"> <div class=\"property_agent_image\" style=\"background-image:url('https:\/\/soundupmap.com\/wp-content\/themes\/wpresidence\/img\/default_user.png')\"><\/div> <div class=\"property_agent_image_sign\"><i class=\"fa fa-user-circle-o\" aria-hidden=\"true\"><\/i><\/div> Stefan \u00d6stersj\u00f6<\/div> <div class=\"listing_actions\"> <div class=\"share_unit\"> <a href=\"https:\/\/www.facebook.com\/sharer.php?u=https:\/\/soundupmap.com\/nl_nl\/properties\/kiruna-kvallsringning-i-stadshustornet\/&amp;t=Kiruna+kv%C3%A4llsringning+i+stadshustornet\" target=\"_blank\" class=\"social_facebook\"><\/a> <a href=\"https:\/\/twitter.com\/intent\/tweet?text=Kiruna+kv%C3%A4llsringning+i+stadshustornet+https%3A%2F%2Fsoundupmap.com%2Fnl_nl%2Fproperties%2Fkiruna-kvallsringning-i-stadshustornet%2F\" class=\"social_tweet\" target=\"_blank\"><\/a> <a href=\"https:\/\/pinterest.com\/pin\/create\/button\/?url=https:\/\/soundupmap.com\/nl_nl\/properties\/kiruna-kvallsringning-i-stadshustornet\/&amp;media=https:\/\/soundupmap.com\/wp-content\/uploads\/2024\/07\/Klockhustornet-1920x790.jpg&amp;description=Kiruna+kv%C3%A4llsringning+i+stadshustornet\" target=\"_blank\" class=\"social_pinterest\"><\/a> <a href=\"https:\/\/api.whatsapp.com\/send?text=Kiruna+kv%C3%A4llsringning+i+stadshustornet+https%3A%2F%2Fsoundupmap.com%2Fnl_nl%2Fproperties%2Fkiruna-kvallsringning-i-stadshustornet%2F\" class=\"social_whatsup\" target=\"_blank\"><\/a> <a href=\"mailto:email@email.com?subject=Kiruna+kv%C3%A4llsringning+i+stadshustornet&amp;body=https%3A%2F%2Fsoundupmap.com%2Fnl_nl%2Fproperties%2Fkiruna-kvallsringning-i-stadshustornet%2F\" data-action=\"share email\" class=\"social_email\"><\/a> <\/div> <span class=\"share_list\" data-original-title=\"delen\" ><\/span> <span class=\"icon-fav icon-fav-off\" data-original-title=\"toevoegen aan favorieten\" data-postid=\"39751\"><\/span> <span class=\"compare-action\" data-original-title=\"vergelijken\" data-pimage=\"https:\/\/soundupmap.com\/wp-content\/uploads\/2024\/07\/Klockhustornet-143x83.jpg\" data-pid=\"39751\"><\/span><\/div> <\/div> <\/div> <\/div><\/div><\/div><\/div><\/div><\/span><\/p>\n\n\t\t<\/div>\n\t<\/div>\n<\/div><\/div><\/div><\/div>\n<\/div>","protected":false},"excerpt":{"rendered":"1 Kiruna, https:\/\/soundupmap.com\/wp-content\/uploads\/2024\/07\/Klocktornet-Short.wav Kiruna kv\u00e4llsringning i stadshustornet Klocktornets ringningar forts\u00e4tter att karakt\u00e4rise [meer] Klocktornets ringningar forts\u00e4tter att karakt\u00e4risera ljudmilj\u00f6n i centrum av Kiruna, d\u00e4r det invigdes efter flytten [meer] Muziek meer Stefan \u00d6stersj\u00f6","protected":false},"author":1,"featured_media":0,"parent":0,"menu_order":0,"comment_status":"closed","ping_status":"closed","template":"","meta":{"inline_featured_image":false,"footnotes":""},"class_list":["post-39640","page","type-page","status-publish","hentry"],"meta_box":[],"_links":{"self":[{"href":"https:\/\/soundupmap.com\/nl_nl\/wp-json\/wp\/v2\/pages\/39640","targetHints":{"allow":["GET"]}}],"collection":[{"href":"https:\/\/soundupmap.com\/nl_nl\/wp-json\/wp\/v2\/pages"}],"about":[{"href":"https:\/\/soundupmap.com\/nl_nl\/wp-json\/wp\/v2\/types\/page"}],"author":[{"embeddable":true,"href":"https:\/\/soundupmap.com\/nl_nl\/wp-json\/wp\/v2\/users\/1"}],"replies":[{"embeddable":true,"href":"https:\/\/soundupmap.com\/nl_nl\/wp-json\/wp\/v2\/comments?post=39640"}],"version-history":[{"count":13,"href":"https:\/\/soundupmap.com\/nl_nl\/wp-json\/wp\/v2\/pages\/39640\/revisions"}],"predecessor-version":[{"id":39868,"href":"https:\/\/soundupmap.com\/nl_nl\/wp-json\/wp\/v2\/pages\/39640\/revisions\/39868"}],"wp:attachment":[{"href":"https:\/\/soundupmap.com\/nl_nl\/wp-json\/wp\/v2\/media?parent=39640"}],"curies":[{"name":"wp","href":"https:\/\/api.w.org\/{rel}","templated":true}]}}